{"id":280,"date":"2014-03-31T18:33:17","date_gmt":"2014-03-31T17:33:17","guid":{"rendered":"http:\/\/www.cornblume.com\/blog\/?page_id=280"},"modified":"2018-04-30T15:16:22","modified_gmt":"2018-04-30T13:16:22","slug":"contacto","status":"publish","type":"page","link":"https:\/\/cornblume.com\/ca\/contacte\/","title":{"rendered":"Contacte"},"content":{"rendered":"<div id=\"pl-280\"  class=\"panel-layout\" ><div id=\"pg-280-0\"  class=\"panel-grid panel-no-style\" ><div id=\"pgc-280-0-0\"  class=\"panel-grid-cell panel-grid-cell-empty\" ><\/div><div id=\"pgc-280-0-1\"  class=\"panel-grid-cell\" ><div id=\"panel-280-0-1-0\" class=\"so-panel widget widget_text panel-first-child\" data-index=\"0\" >\t\t\t<div class=\"textwidget\"><\/div>\n\t\t<\/div><div id=\"panel-280-0-1-1\" class=\"so-panel widget widget_virtue_about_with_image virtue_about_with_image\" data-index=\"1\" ><div class=\"kad_img_upload_widget kt-shape-type- kt-image-align-center kt-image-widget-widget-0-1-1\"><div class=\"kt-image-contain  \"><div class=\"kt-image-inner-contain\"><img src=\"http:\/\/www.cornblume.com\/wp-content\/uploads\/2016\/02\/Cornblume_logotipe.gif\" alt=\"\"><\/div><\/div><\/div><\/div><div id=\"panel-280-0-1-2\" class=\"so-panel widget widget_text\" data-index=\"2\" >\t\t\t<div class=\"textwidget\"><\/div>\n\t\t<\/div><div id=\"panel-280-0-1-3\" class=\"so-panel widget widget_text\" data-index=\"3\" >\t\t\t<div class=\"textwidget\"><\/div>\n\t\t<\/div><div id=\"panel-280-0-1-4\" class=\"so-panel widget widget_text\" data-index=\"4\" ><div class=\"panel-widget-style panel-widget-style-for-280-0-1-4\" >\t\t\t<div class=\"textwidget\"><p>\t\t\t<i class=\"icon-mobile kad-circle-iconclass\" style=\"font-size:20px; display:inline-block; color:#FFFFFF; background:#2C2A65;\t\t\t\"><\/i><\/p>\n<p>  (+34) 678 58 94 35<\/p>\n<\/div>\n\t\t<\/div><\/div><div id=\"panel-280-0-1-5\" class=\"so-panel widget widget_text\" data-index=\"5\" >\t\t\t<div class=\"textwidget\"><\/div>\n\t\t<\/div><div id=\"panel-280-0-1-6\" class=\"so-panel widget widget_text\" data-index=\"6\" ><div class=\"panel-widget-style panel-widget-style-for-280-0-1-6\" >\t\t\t<div class=\"textwidget\"><p>\t\t\t<i class=\"icon-envelope kad-circle-iconclass\" style=\"font-size:20px; display:inline-block; color:#FFFFFF; background:#2C2A65;\t\t\t\"><\/i><\/p>\n<p>   cornelia@cornblume.com<\/p>\n<\/div>\n\t\t<\/div><\/div><div id=\"panel-280-0-1-7\" class=\"so-panel widget widget_text\" data-index=\"7\" >\t\t\t<div class=\"textwidget\"><\/div>\n\t\t<\/div><div id=\"panel-280-0-1-8\" class=\"so-panel widget widget_text panel-last-child\" data-index=\"8\" ><div class=\"panel-widget-style panel-widget-style-for-280-0-1-8\" >\t\t\t<div class=\"textwidget\"><p> <a href=\"https:\/\/www.facebook.com\/cornelia.blumli\" target=\"_blank\" rel=\"noopener\"> \t\t\t<i class=\"icon-facebook kad-circle-iconclass\" style=\"font-size:20px; display:inline-block; color:#FFFFFF; background:#2C2A65;\t\t\t\"><\/i><\/p>\n<p>   www.fb.com\/cornelia.blumli<\/a><\/p>\n<\/div>\n\t\t<\/div><\/div><\/div><div id=\"pgc-280-0-2\"  class=\"panel-grid-cell panel-grid-cell-empty\" ><\/div><div id=\"pgc-280-0-3\"  class=\"panel-grid-cell panel-grid-cell-mobile-last\" ><div id=\"panel-280-0-3-0\" class=\"so-panel widget widget_text panel-first-child panel-last-child\" data-index=\"9\" ><div class=\"panel-widget-style panel-widget-style-for-280-0-3-0\" >\t\t\t<div class=\"textwidget\"><div class=\"wpcf7 no-js\" id=\"wpcf7-f584-o1\" lang=\"es-ES\" dir=\"ltr\">\n<div class=\"screen-reader-response\">\n<p role=\"status\" aria-live=\"polite\" aria-atomic=\"true\">\n<ul><\/ul>\n<\/div>\n<form action=\"\/ca\/wp-json\/wp\/v2\/pages\/280#wpcf7-f584-o1\" method=\"post\" class=\"wpcf7-form init\" aria-label=\"Contact form\" novalidate=\"novalidate\" data-status=\"init\">\n<div style=\"display: none;\">\n<input type=\"hidden\" name=\"_wpcf7\" value=\"584\" \/><br \/>\n<input type=\"hidden\" name=\"_wpcf7_version\" value=\"5.9.3\" \/><br \/>\n<input type=\"hidden\" name=\"_wpcf7_locale\" value=\"es_ES\" \/><br \/>\n<input type=\"hidden\" name=\"_wpcf7_unit_tag\" value=\"wpcf7-f584-o1\" \/><br \/>\n<input type=\"hidden\" name=\"_wpcf7_container_post\" value=\"0\" \/><br \/>\n<input type=\"hidden\" name=\"_wpcf7_posted_data_hash\" value=\"\" \/><br \/>\n<input type=\"hidden\" name=\"_wpcf7_recaptcha_response\" value=\"\" \/>\n<\/div>\n<p>Si est\u00e0 interessat en contactar amb mi, Cornelia Bl\u00fcmli, si us plau, ompli el formulari que hi ha a sota. Em posar\u00e9 en contacte amb vost\u00e8 el m\u00e9s aviat possible.\n<\/p>\n<p>Nom complet*\n<\/p>\n<p><span class=\"wpcf7-form-control-wrap\" data-name=\"your-name\"><input size=\"40\" class=\"wpcf7-form-control wpcf7-text wpcf7-validates-as-required\" aria-required=\"true\" aria-invalid=\"false\" value=\"\" type=\"text\" name=\"your-name\" \/><\/span>\n<\/p>\n<p>Correu electr\u00f2nic*\n<\/p>\n<p><span class=\"wpcf7-form-control-wrap\" data-name=\"your-email\"><input size=\"40\" class=\"wpcf7-form-control wpcf7-email wpcf7-validates-as-required wpcf7-text wpcf7-validates-as-email\" aria-required=\"true\" aria-invalid=\"false\" value=\"\" type=\"email\" name=\"your-email\" \/><\/span>\n<\/p>\n<p><small><\/small>\n<\/p>\n<p>(Rebr\u00e0s autom\u00e0ticament una c\u00f2pia d'aquest missatge)\n<\/p>\n<p>Missatge*\n<\/p>\n<p><span class=\"wpcf7-form-control-wrap\" data-name=\"your-message\"><textarea cols=\"40\" rows=\"10\" class=\"wpcf7-form-control wpcf7-textarea wpcf7-validates-as-required\" aria-required=\"true\" aria-invalid=\"false\" name=\"your-message\"><\/textarea><\/span>\n<\/p>\n<p><small> *Camps obligatoris<br \/>\n<\/small>\n<\/p>\n<p><span class=\"wpcf7-form-control-wrap\" data-name=\"Conditionsacceptance\"><span class=\"wpcf7-form-control wpcf7-checkbox wpcf7-validates-as-required wpcf7-exclusive-checkbox\"><span class=\"wpcf7-list-item first last\"><input type=\"checkbox\" name=\"Conditionsacceptance\" value=\"\" \/><span class=\"wpcf7-list-item-label\"><\/span><\/span><\/span><\/span><small>Accepto les<a href=\"http:\/\/cornblume.com\/privacy-policy\/\" target=\"_blank\" rel=\"noopener\"><b> condicions de privacitat<\/b><\/a>.<\/small>\n<\/p>\n<p align=\"center\"><input class=\"wpcf7-form-control wpcf7-submit has-spinner\" type=\"submit\" value=\"ENVIAR\" \/>\n<\/p>\n<div class=\"wpcf7-response-output\" aria-hidden=\"true\"><\/div>\n<\/form>\n<\/div>\n<\/div>\n\t\t<\/div><\/div><\/div><div id=\"pgc-280-0-4\"  class=\"panel-grid-cell panel-grid-cell-empty\" ><\/div><\/div><\/div>","protected":false},"excerpt":{"rendered":"<p>(+34) 678 58 94 35 cornelia@cornblume.com www.fb.com\/cornelia.blumli<\/p>\n","protected":false},"author":2,"featured_media":0,"parent":0,"menu_order":0,"comment_status":"closed","ping_status":"open","template":"page-fullwidth.php","meta":{"footnotes":""},"_links":{"self":[{"href":"https:\/\/cornblume.com\/ca\/wp-json\/wp\/v2\/pages\/280"}],"collection":[{"href":"https:\/\/cornblume.com\/ca\/wp-json\/wp\/v2\/pages"}],"about":[{"href":"https:\/\/cornblume.com\/ca\/wp-json\/wp\/v2\/types\/page"}],"author":[{"embeddable":true,"href":"https:\/\/cornblume.com\/ca\/wp-json\/wp\/v2\/users\/2"}],"replies":[{"embeddable":true,"href":"https:\/\/cornblume.com\/ca\/wp-json\/wp\/v2\/comments?post=280"}],"version-history":[{"count":52,"href":"https:\/\/cornblume.com\/ca\/wp-json\/wp\/v2\/pages\/280\/revisions"}],"predecessor-version":[{"id":712,"href":"https:\/\/cornblume.com\/ca\/wp-json\/wp\/v2\/pages\/280\/revisions\/712"}],"wp:attachment":[{"href":"https:\/\/cornblume.com\/ca\/wp-json\/wp\/v2\/media?parent=280"}],"curies":[{"name":"wp","href":"https:\/\/api.w.org\/{rel}","templated":true}]}}