{"id":222,"date":"2014-03-27T18:46:43","date_gmt":"2014-03-27T17:46:43","guid":{"rendered":"http:\/\/www.cornblume.com\/blog\/?page_id=222"},"modified":"2019-05-25T12:39:49","modified_gmt":"2019-05-25T10:39:49","slug":"talleres","status":"publish","type":"page","link":"https:\/\/cornblume.com\/ca\/tallers\/","title":{"rendered":"Talleres"},"content":{"rendered":"<div id=\"pl-222\"  class=\"panel-layout\" ><div id=\"pg-222-0\"  class=\"panel-grid panel-no-style\" ><div id=\"pgc-222-0-0\"  class=\"panel-grid-cell panel-grid-cell-empty\" ><\/div><div id=\"pgc-222-0-1\"  class=\"panel-grid-cell\" ><div id=\"panel-222-0-1-0\" class=\"so-panel widget widget_siteorigin-panels-builder panel-first-child\" data-index=\"0\" ><div class=\"panel-widget-style panel-widget-style-for-222-0-1-0\" ><div id=\"pl-w5ce91b75e5a76\"  class=\"panel-layout\" ><div id=\"pg-w5ce91b75e5a76-0\"  class=\"panel-grid panel-no-style\" ><div id=\"pgc-w5ce91b75e5a76-0-0\"  class=\"panel-grid-cell\" ><div id=\"panel-w5ce91b75e5a76-0-0-0\" class=\"so-panel widget widget_virtue_about_with_image virtue_about_with_image panel-first-child panel-last-child\" data-index=\"0\" ><div class=\"kad_img_upload_widget kt-shape-type-kt-image-shape-standard kt-image-align-center kt-image-widget-widget-0-0-0\"><a href=\"https:\/\/cornblume.com\/wp-content\/uploads\/2019\/05\/te\u00f1ir-lana-y-seda.jpg\" rel=\"lightbox\"><div class=\"kt-image-contain kt-image-shadow-none kt-image-shape-standard\"><div class=\"kt-image-inner-contain\"><img width=\"1907\" height=\"1220\" src=\"https:\/\/cornblume.com\/wp-content\/uploads\/2019\/05\/te\u00f1ir-lana-y-seda.jpg\" class=\"attachment-full size-full\" alt=\"\" decoding=\"async\" srcset=\"https:\/\/cornblume.com\/wp-content\/uploads\/2019\/05\/te\u00f1ir-lana-y-seda.jpg 1907w, https:\/\/cornblume.com\/wp-content\/uploads\/2019\/05\/te\u00f1ir-lana-y-seda-300x192.jpg 300w, https:\/\/cornblume.com\/wp-content\/uploads\/2019\/05\/te\u00f1ir-lana-y-seda-768x491.jpg 768w, https:\/\/cornblume.com\/wp-content\/uploads\/2019\/05\/te\u00f1ir-lana-y-seda-1024x655.jpg 1024w, https:\/\/cornblume.com\/wp-content\/uploads\/2019\/05\/te\u00f1ir-lana-y-seda-80x50.jpg 80w\" sizes=\"(max-width: 1907px) 100vw, 1907px\" \/><\/div><\/div><\/a><\/div><\/div><\/div><\/div><div id=\"pg-w5ce91b75e5a76-1\"  class=\"panel-grid panel-no-style\" ><div id=\"pgc-w5ce91b75e5a76-1-0\"  class=\"panel-grid-cell\" ><div id=\"panel-w5ce91b75e5a76-1-0-0\" class=\"so-panel widget panel-first-child panel-last-child\" data-index=\"1\" ><\/div><\/div><div id=\"pgc-w5ce91b75e5a76-1-1\"  class=\"panel-grid-cell\" ><div id=\"panel-w5ce91b75e5a76-1-1-0\" class=\"so-panel widget panel-first-child panel-last-child\" data-index=\"2\" ><\/div><\/div><\/div><\/div><\/div><\/div><div id=\"panel-222-0-1-1\" class=\"so-panel widget widget_siteorigin-panels-builder\" data-index=\"1\" ><div class=\"panel-widget-style panel-widget-style-for-222-0-1-1\" ><div id=\"pl-w5ce918ecbcdfc\"  class=\"panel-layout\" ><div id=\"pg-w5ce918ecbcdfc-0\"  class=\"panel-grid panel-no-style\" ><div id=\"pgc-w5ce918ecbcdfc-0-0\"  class=\"panel-grid-cell\" ><div id=\"panel-w5ce918ecbcdfc-0-0-0\" class=\"so-panel widget widget_virtue_about_with_image virtue_about_with_image panel-first-child panel-last-child\" data-index=\"0\" ><div class=\"kad_img_upload_widget kt-shape-type-kt-image-shape-standard kt-image-align-center kt-image-widget-widget-0-0-0\"><div class=\"kt-image-contain kt-image-shadow-none kt-image-shape-standard\"><div class=\"kt-image-inner-contain\"><img width=\"1660\" height=\"1226\" src=\"https:\/\/cornblume.com\/wp-content\/uploads\/2019\/05\/Kurs-fabricar-tintas.jpg\" class=\"attachment-full size-full\" alt=\"\" decoding=\"async\" srcset=\"https:\/\/cornblume.com\/wp-content\/uploads\/2019\/05\/Kurs-fabricar-tintas.jpg 1660w, https:\/\/cornblume.com\/wp-content\/uploads\/2019\/05\/Kurs-fabricar-tintas-300x222.jpg 300w, https:\/\/cornblume.com\/wp-content\/uploads\/2019\/05\/Kurs-fabricar-tintas-768x567.jpg 768w, https:\/\/cornblume.com\/wp-content\/uploads\/2019\/05\/Kurs-fabricar-tintas-1024x756.jpg 1024w\" sizes=\"(max-width: 1660px) 100vw, 1660px\" \/><\/div><\/div><\/div><\/div><\/div><\/div><div id=\"pg-w5ce918ecbcdfc-1\"  class=\"panel-grid panel-no-style\" ><div id=\"pgc-w5ce918ecbcdfc-1-0\"  class=\"panel-grid-cell\" ><div id=\"panel-w5ce918ecbcdfc-1-0-0\" class=\"so-panel widget panel-first-child panel-last-child\" data-index=\"1\" ><\/div><\/div><div id=\"pgc-w5ce918ecbcdfc-1-1\"  class=\"panel-grid-cell\" ><div id=\"panel-w5ce918ecbcdfc-1-1-0\" class=\"so-panel widget panel-first-child panel-last-child\" data-index=\"2\" ><\/div><\/div><\/div><\/div><\/div><\/div><div id=\"panel-222-0-1-2\" class=\"so-panel widget widget_siteorigin-panels-builder panel-last-child\" data-index=\"2\" ><div class=\"panel-widget-style panel-widget-style-for-222-0-1-2\" ><div id=\"pl-w5ce91b75e5af9\"  class=\"panel-layout\" ><div id=\"pg-w5ce91b75e5af9-0\"  class=\"panel-grid panel-no-style\" ><div id=\"pgc-w5ce91b75e5af9-0-0\"  class=\"panel-grid-cell\" ><div id=\"panel-w5ce91b75e5af9-0-0-0\" class=\"so-panel widget widget_virtue_about_with_image virtue_about_with_image panel-first-child panel-last-child\" data-index=\"0\" ><div class=\"kad_img_upload_widget kt-shape-type-kt-image-shape-standard kt-image-align-center kt-image-widget-widget-0-0-0\"><div class=\"kt-image-contain kt-image-shadow-none kt-image-shape-standard\"><div class=\"kt-image-inner-contain\"><img width=\"4571\" height=\"3090\" src=\"https:\/\/cornblume.com\/wp-content\/uploads\/2019\/05\/Kurs-experimentar.jpg\" class=\"attachment-full size-full\" alt=\"\" decoding=\"async\" srcset=\"https:\/\/cornblume.com\/wp-content\/uploads\/2019\/05\/Kurs-experimentar.jpg 4571w, https:\/\/cornblume.com\/wp-content\/uploads\/2019\/05\/Kurs-experimentar-300x203.jpg 300w, https:\/\/cornblume.com\/wp-content\/uploads\/2019\/05\/Kurs-experimentar-768x519.jpg 768w, https:\/\/cornblume.com\/wp-content\/uploads\/2019\/05\/Kurs-experimentar-1024x692.jpg 1024w\" sizes=\"(max-width: 4571px) 100vw, 4571px\" \/><\/div><\/div><\/div><\/div><\/div><\/div><div id=\"pg-w5ce91b75e5af9-1\"  class=\"panel-grid panel-no-style\" ><div id=\"pgc-w5ce91b75e5af9-1-0\"  class=\"panel-grid-cell\" ><div id=\"panel-w5ce91b75e5af9-1-0-0\" class=\"so-panel widget panel-first-child panel-last-child\" data-index=\"1\" ><\/div><\/div><div id=\"pgc-w5ce91b75e5af9-1-1\"  class=\"panel-grid-cell\" ><div id=\"panel-w5ce91b75e5af9-1-1-0\" class=\"so-panel widget panel-first-child panel-last-child\" data-index=\"2\" ><\/div><\/div><\/div><\/div><\/div><\/div><\/div><div id=\"pgc-222-0-2\"  class=\"panel-grid-cell panel-grid-cell-mobile-last\" ><div id=\"panel-222-0-2-0\" class=\"so-panel widget widget_siteorigin-panels-builder panel-first-child\" data-index=\"3\" ><div class=\"panel-widget-style panel-widget-style-for-222-0-2-0\" ><div id=\"pl-w5ce918ecbd00c\"  class=\"panel-layout\" ><div id=\"pg-w5ce918ecbd00c-0\"  class=\"panel-grid panel-no-style\" ><div id=\"pgc-w5ce918ecbd00c-0-0\"  class=\"panel-grid-cell\" ><div id=\"panel-w5ce918ecbd00c-0-0-0\" class=\"so-panel widget widget_virtue_about_with_image virtue_about_with_image panel-first-child panel-last-child\" data-index=\"0\" ><div class=\"kad_img_upload_widget kt-shape-type-kt-image-shape-standard kt-image-align-center kt-image-widget-widget-0-0-0\"><div class=\"kt-image-contain kt-image-shadow-none kt-image-shape-standard\"><div class=\"kt-image-inner-contain\"><img width=\"1796\" height=\"1407\" src=\"https:\/\/cornblume.com\/wp-content\/uploads\/2019\/05\/Kurs-estampaci\u00f3n-con-mordientes.jpg\" class=\"attachment-full size-full\" alt=\"\" decoding=\"async\" srcset=\"https:\/\/cornblume.com\/wp-content\/uploads\/2019\/05\/Kurs-estampaci\u00f3n-con-mordientes.jpg 1796w, https:\/\/cornblume.com\/wp-content\/uploads\/2019\/05\/Kurs-estampaci\u00f3n-con-mordientes-300x235.jpg 300w, https:\/\/cornblume.com\/wp-content\/uploads\/2019\/05\/Kurs-estampaci\u00f3n-con-mordientes-768x602.jpg 768w, https:\/\/cornblume.com\/wp-content\/uploads\/2019\/05\/Kurs-estampaci\u00f3n-con-mordientes-1024x802.jpg 1024w\" sizes=\"(max-width: 1796px) 100vw, 1796px\" \/><\/div><\/div><\/div><\/div><\/div><\/div><div id=\"pg-w5ce918ecbd00c-1\"  class=\"panel-grid panel-no-style\" ><div id=\"pgc-w5ce918ecbd00c-1-0\"  class=\"panel-grid-cell\" ><div id=\"panel-w5ce918ecbd00c-1-0-0\" class=\"so-panel widget panel-first-child panel-last-child\" data-index=\"1\" ><\/div><\/div><div id=\"pgc-w5ce918ecbd00c-1-1\"  class=\"panel-grid-cell\" ><div id=\"panel-w5ce918ecbd00c-1-1-0\" class=\"so-panel widget panel-first-child panel-last-child\" data-index=\"2\" ><\/div><\/div><\/div><\/div><\/div><\/div><div id=\"panel-222-0-2-1\" class=\"so-panel widget widget_siteorigin-panels-builder\" data-index=\"4\" ><div class=\"panel-widget-style panel-widget-style-for-222-0-2-1\" ><div id=\"pl-w5ce91b75e5c17\"  class=\"panel-layout\" ><div id=\"pg-w5ce91b75e5c17-0\"  class=\"panel-grid panel-no-style\" ><div id=\"pgc-w5ce91b75e5c17-0-0\"  class=\"panel-grid-cell\" ><div id=\"panel-w5ce91b75e5c17-0-0-0\" class=\"so-panel widget widget_virtue_about_with_image virtue_about_with_image panel-first-child panel-last-child\" data-index=\"0\" ><div class=\"kad_img_upload_widget kt-shape-type-kt-image-shape-standard kt-image-align-center kt-image-widget-widget-0-0-0\"><div class=\"kt-image-contain kt-image-shadow-none kt-image-shape-standard\"><div class=\"kt-image-inner-contain\"><img width=\"2245\" height=\"2247\" src=\"https:\/\/cornblume.com\/wp-content\/uploads\/2019\/05\/te\u00f1ir-telas.jpg\" class=\"attachment-full size-full\" alt=\"\" decoding=\"async\" srcset=\"https:\/\/cornblume.com\/wp-content\/uploads\/2019\/05\/te\u00f1ir-telas.jpg 2245w, https:\/\/cornblume.com\/wp-content\/uploads\/2019\/05\/te\u00f1ir-telas-150x150.jpg 150w, https:\/\/cornblume.com\/wp-content\/uploads\/2019\/05\/te\u00f1ir-telas-300x300.jpg 300w, https:\/\/cornblume.com\/wp-content\/uploads\/2019\/05\/te\u00f1ir-telas-768x769.jpg 768w, https:\/\/cornblume.com\/wp-content\/uploads\/2019\/05\/te\u00f1ir-telas-1024x1024.jpg 1024w\" sizes=\"(max-width: 2245px) 100vw, 2245px\" \/><\/div><\/div><\/div><\/div><\/div><\/div><div id=\"pg-w5ce91b75e5c17-1\"  class=\"panel-grid panel-no-style\" ><div id=\"pgc-w5ce91b75e5c17-1-0\"  class=\"panel-grid-cell\" ><div id=\"panel-w5ce91b75e5c17-1-0-0\" class=\"so-panel widget panel-first-child panel-last-child\" data-index=\"1\" ><\/div><\/div><div id=\"pgc-w5ce91b75e5c17-1-1\"  class=\"panel-grid-cell\" ><div id=\"panel-w5ce91b75e5c17-1-1-0\" class=\"so-panel widget panel-first-child panel-last-child\" data-index=\"2\" ><\/div><\/div><\/div><\/div><\/div><\/div><div id=\"panel-222-0-2-2\" class=\"so-panel widget widget_siteorigin-panels-builder panel-last-child\" data-index=\"5\" ><div class=\"panel-widget-style panel-widget-style-for-222-0-2-2\" ><div id=\"pl-w5ce91b75e5ce2\"  class=\"panel-layout\" ><div id=\"pg-w5ce91b75e5ce2-0\"  class=\"panel-grid panel-no-style\" ><div id=\"pgc-w5ce91b75e5ce2-0-0\"  class=\"panel-grid-cell\" ><div id=\"panel-w5ce91b75e5ce2-0-0-0\" class=\"so-panel widget widget_virtue_about_with_image virtue_about_with_image panel-first-child panel-last-child\" data-index=\"0\" ><div class=\"kad_img_upload_widget kt-shape-type-kt-image-shape-standard kt-image-align-center kt-image-widget-widget-0-0-0\"><div class=\"kt-image-contain kt-image-shadow-none kt-image-shape-standard\"><div class=\"kt-image-inner-contain\"><img width=\"3919\" height=\"1894\" src=\"https:\/\/cornblume.com\/wp-content\/uploads\/2019\/05\/Kurs-te\u00f1ir-hilos.jpg\" class=\"attachment-full size-full\" alt=\"\" decoding=\"async\" srcset=\"https:\/\/cornblume.com\/wp-content\/uploads\/2019\/05\/Kurs-te\u00f1ir-hilos.jpg 3919w, https:\/\/cornblume.com\/wp-content\/uploads\/2019\/05\/Kurs-te\u00f1ir-hilos-300x145.jpg 300w, https:\/\/cornblume.com\/wp-content\/uploads\/2019\/05\/Kurs-te\u00f1ir-hilos-768x371.jpg 768w, https:\/\/cornblume.com\/wp-content\/uploads\/2019\/05\/Kurs-te\u00f1ir-hilos-1024x495.jpg 1024w\" sizes=\"(max-width: 3919px) 100vw, 3919px\" \/><\/div><\/div><\/div><\/div><\/div><\/div><div id=\"pg-w5ce91b75e5ce2-1\"  class=\"panel-grid panel-no-style\" ><div id=\"pgc-w5ce91b75e5ce2-1-0\"  class=\"panel-grid-cell\" ><div id=\"panel-w5ce91b75e5ce2-1-0-0\" class=\"so-panel widget panel-first-child panel-last-child\" data-index=\"1\" ><\/div><\/div><div id=\"pgc-w5ce91b75e5ce2-1-1\"  class=\"panel-grid-cell\" ><div id=\"panel-w5ce91b75e5ce2-1-1-0\" class=\"so-panel widget panel-first-child panel-last-child\" data-index=\"2\" ><\/div><\/div><\/div><\/div><\/div><\/div><\/div><div id=\"pgc-222-0-3\"  class=\"panel-grid-cell panel-grid-cell-empty\" ><\/div><\/div><div id=\"pg-222-1\"  class=\"panel-grid panel-no-style\" ><div id=\"pgc-222-1-0\"  class=\"panel-grid-cell panel-grid-cell-empty\" ><\/div><div id=\"pgc-222-1-1\"  class=\"panel-grid-cell panel-grid-cell-mobile-last\" ><div id=\"panel-222-1-1-0\" class=\"so-panel widget panel-first-child panel-last-child\" data-index=\"6\" ><\/div><\/div><div id=\"pgc-222-1-2\"  class=\"panel-grid-cell panel-grid-cell-empty\" ><\/div><\/div><\/div>","protected":false},"excerpt":{"rendered":"<p>Lloc: al meu taller Barri de l&#8217;Alzinar 46, Cal Pere Xic del Clot, Font-Rub\u00ed, Alt Pened\u00e9s, prov\u00edncia de Barcelona &nbsp;<\/p>\n","protected":false},"author":2,"featured_media":0,"parent":0,"menu_order":0,"comment_status":"closed","ping_status":"open","template":"page-fullwidth.php","meta":{"footnotes":""},"_links":{"self":[{"href":"https:\/\/cornblume.com\/ca\/wp-json\/wp\/v2\/pages\/222"}],"collection":[{"href":"https:\/\/cornblume.com\/ca\/wp-json\/wp\/v2\/pages"}],"about":[{"href":"https:\/\/cornblume.com\/ca\/wp-json\/wp\/v2\/types\/page"}],"author":[{"embeddable":true,"href":"https:\/\/cornblume.com\/ca\/wp-json\/wp\/v2\/users\/2"}],"replies":[{"embeddable":true,"href":"https:\/\/cornblume.com\/ca\/wp-json\/wp\/v2\/comments?post=222"}],"version-history":[{"count":111,"href":"https:\/\/cornblume.com\/ca\/wp-json\/wp\/v2\/pages\/222\/revisions"}],"predecessor-version":[{"id":369,"href":"https:\/\/cornblume.com\/ca\/wp-json\/wp\/v2\/pages\/222\/revisions\/369"}],"wp:attachment":[{"href":"https:\/\/cornblume.com\/ca\/wp-json\/wp\/v2\/media?parent=222"}],"curies":[{"name":"wp","href":"https:\/\/api.w.org\/{rel}","templated":true}]}}