{"id":136,"date":"2014-03-24T18:33:00","date_gmt":"2014-03-24T17:33:00","guid":{"rendered":"http:\/\/www.cornblume.com\/blog\/?page_id=136"},"modified":"2018-04-30T15:13:38","modified_gmt":"2018-04-30T13:13:38","slug":"cornelia-blumli","status":"publish","type":"page","link":"https:\/\/cornblume.com\/ca\/cornelia-blumli\/","title":{"rendered":"Cornelia Bl\u00fcmli"},"content":{"rendered":"<div id=\"pl-136\"  class=\"panel-layout\" ><div id=\"pg-136-0\"  class=\"panel-grid panel-no-style\" ><div id=\"pgc-136-0-0\"  class=\"panel-grid-cell panel-grid-cell-empty\" ><\/div><div id=\"pgc-136-0-1\"  class=\"panel-grid-cell\" ><div id=\"panel-136-0-1-0\" class=\"so-panel widget widget_sow-editor panel-first-child panel-last-child\" data-index=\"0\" ><div\n\t\t\t\n\t\t\tclass=\"so-widget-sow-editor so-widget-sow-editor-base\"\n\t\t\t\n\t\t>\n<div class=\"siteorigin-widget-tinymce textwidget\">\n\t<h5 style=\"text-align: justify;\"> El <strong>1898<\/strong> em vaig graduar com a mestre de treballs manuals a <strong>Lucerna<\/strong>, S\u00fcissa.<\/p>\n<p>Poc despr\u00e9s em vaig traslladar a viure a <strong>Barcelona<\/strong>. Des d'aleshores he desenvolupat treballs relacionats amb el t\u00e8xtil i la moda per compte aliena i per compte pr\u00f2pia.<\/p>\n<p>Al <strong>1996<\/strong> vaig llogar el meu primer taller per treballar amb tints naturals a Can Saladrigas, <strong>Poble Nou<\/strong> i vaig crear la meva pr\u00f2pia marca \"<em>CORNLBUME <\/em><em>tintes naturales\". <\/em>Sobre tot teny\u00eda teles de seda.<\/p>\n<p>Al <strong>1999<\/strong> em vaig traslladar al taller del <strong>Raval<\/strong> i vaig comen\u00e7ar a treballar amb una tricotosa per elaborar peces de roba amb fils tenyits amb tints naturals.<\/p>\n<p>Des d'aleshores fabrico complements de teixit de punt i venc els meus propis productes en botigues i fires a <strong>Barcelona, Su\u00efssa, Fran\u00e7a i Estats Units<\/strong>.<\/p>\n<p>A banda de la producci\u00f3 em dedico a l'ensenyan\u00e7a sobre tints naturals, estampaci\u00f3, shibori, fieltro, etc. He donat classes i tallers de formaci\u00f3 de professionals al: <strong>Jard\u00ed Bot\u00e0nic de Barcelona<\/strong>, a l'Escola <strong>ELISAVA<\/strong> i a l'<strong>ESCAC<\/strong>.<\/p>\n<p>Des del <strong>2010<\/strong> visc i treballo al <strong>Pened\u00e8s<\/strong>, prov\u00edncia de Barcelona i continuo tenyint, teixint, ensenyant i aprenent.<\/p>\n<p>\u00a0<\/p>\n<\/div>\n<\/div><\/div><\/div><div id=\"pgc-136-0-2\"  class=\"panel-grid-cell panel-grid-cell-empty\" ><\/div><div id=\"pgc-136-0-3\"  class=\"panel-grid-cell panel-grid-cell-mobile-last\" ><div id=\"panel-136-0-3-0\" class=\"so-panel widget widget_virtue_about_with_image virtue_about_with_image panel-first-child panel-last-child\" data-index=\"1\" ><div class=\"kad_img_upload_widget kt-shape-type- kt-image-align-center kt-image-widget-widget-0-3-0\"><div class=\"kt-image-contain  \"><div class=\"kt-image-inner-contain\"><img src=\"http:\/\/www.cornblume.com\/wp-content\/uploads\/2014\/03\/Cornblume_Cornelia.jpg\" alt=\"\"><\/div><\/div><\/div><\/div><\/div><div id=\"pgc-136-0-4\"  class=\"panel-grid-cell panel-grid-cell-empty\" ><\/div><\/div><\/div>","protected":false},"excerpt":{"rendered":"<p>El 1898 em vaig graduar com a mestre de treballs manuals a Lucerna, S\u00fcissa.Poc despr\u00e9s em vaig traslladar a viure a Barcelona. Des d&#8217;aleshores he desenvolupat treballs relacionats amb el t\u00e8xtil i la moda per compte aliena i per compte &hellip; <a class=\"kt-excerpt-readmore\" href=\"https:\/\/cornblume.com\/ca\/cornelia-blumli\/\" aria-label=\"Cornelia Bl\u00fcmli\">Read More<\/a><\/p>\n","protected":false},"author":2,"featured_media":0,"parent":0,"menu_order":0,"comment_status":"closed","ping_status":"open","template":"page-fullwidth.php","meta":{"footnotes":""},"_links":{"self":[{"href":"https:\/\/cornblume.com\/ca\/wp-json\/wp\/v2\/pages\/136"}],"collection":[{"href":"https:\/\/cornblume.com\/ca\/wp-json\/wp\/v2\/pages"}],"about":[{"href":"https:\/\/cornblume.com\/ca\/wp-json\/wp\/v2\/types\/page"}],"author":[{"embeddable":true,"href":"https:\/\/cornblume.com\/ca\/wp-json\/wp\/v2\/users\/2"}],"replies":[{"embeddable":true,"href":"https:\/\/cornblume.com\/ca\/wp-json\/wp\/v2\/comments?post=136"}],"version-history":[{"count":31,"href":"https:\/\/cornblume.com\/ca\/wp-json\/wp\/v2\/pages\/136\/revisions"}],"predecessor-version":[{"id":710,"href":"https:\/\/cornblume.com\/ca\/wp-json\/wp\/v2\/pages\/136\/revisions\/710"}],"wp:attachment":[{"href":"https:\/\/cornblume.com\/ca\/wp-json\/wp\/v2\/media?parent=136"}],"curies":[{"name":"wp","href":"https:\/\/api.w.org\/{rel}","templated":true}]}}